{"id":429,"date":"2026-03-30T12:57:18","date_gmt":"2026-03-30T12:57:18","guid":{"rendered":"https:\/\/municipalidadjacobacci.com.ar\/turismo\/?page_id=429"},"modified":"2026-03-30T13:01:36","modified_gmt":"2026-03-30T13:01:36","slug":"patrimonio-paleontologico","status":"publish","type":"page","link":"https:\/\/municipalidadjacobacci.com.ar\/turismo\/patrimonio-paleontologico\/","title":{"rendered":"Patrimonio Paleontol\u00f3gico"},"content":{"rendered":"\n\n\n\n\n\n\n<p>Lorem Ipsum has been the industry&#8217;s standard dummy text ever since the 1500s.<\/p>\n\n\n\n\n\n\nPatrimonio Paleontol\u00f3gico\n\u00a1Se confirma un descubrimiento realizado por Rodolfo Casamiquela hace 70 a\u00f1os!\nLos huesos de un abelisaurio, encontrado por el paleont\u00f3logo Rodolfo Casamiquela, hace 70 a\u00f1os potencian hoy el valor paleontol\u00f3gico que posee Ingeniero Jacobacci.\n<p>En los alrededores de la ciudad de I. Jacobacci afloran dos formaciones de rocas de edad cret\u00e1cica: La Fm Angostura Colorada y la Fm Coli Toro (aproximadamente 80-66 millones de a\u00f1os). Ambas formaciones rocosas son conocidas por haber brindado abundantes restos f\u00f3siles tanto de plantas como de animales, incluyendo formas marinas (como plesiosaurios, tortugas y peces) como formas terrestres (cocodrilos y dinosaurios). La importancia de esos f\u00f3siles para la ciencia argentina es enorme: En la Fm Angostura Colorada, fueron encontrados los primeros restos de dinosaurios hadrosaurios para el hemisferio sur! Dichos hallazgos fueron realizados en la d\u00e9cada del 1950 por Rodolfo Casamiquela. Posteriormente, otro dinosaurio herb\u00edvoro del grupo de los saur\u00f3podos (cuellos largos) al que se llam\u00f3 Aeolosaurus, se sum\u00f3 a los restos que descansan hoy en el Museo Jorge H. Gerhold. Sin embargo, era llamativo para los paleont\u00f3logos que en el museo, no hubiera dinosaurios ter\u00f3podo, o sea, carn\u00edvoros: ni un simple hueso, ni un diente, nada.><\/p>\n\n\n\n\n\n\n\n\n\n\n\nDurante el a\u00f1o 2021, convocados por la Direcci\u00f3n de Turismo de la municipalidad de Ingeniero Jacobacci, mediante un Proyecto (ASETUR) que buscaba poner el valor sitios de inter\u00e9s geol\u00f3gicos y paleontol\u00f3gicos se concret\u00f3 la posibilidad de realizar para el Parque Geopalentologico dos esculturas en tama\u00f1o natural de dinosaurios que habr\u00edan habitado la zona. Entre los herb\u00edvoros fue elegido por supuesto un hadrosaurio, similar a la especie Secernosaurus, que tambi\u00e9n habit\u00f3 lo que hoy es la Provincia de R\u00edo Negro. Pero si se sumaba al parque un dinosaurio carn\u00edvoro: \u00bfde cu\u00e1l se tratar\u00eda? Ante la ausencia de f\u00f3siles en el museo, fue elegido un ter\u00f3podo del grupo de los abelisaurios, dinosaurios carn\u00edvoros de brazos cortos muy abundantes a finales del Cret\u00e1cico. Representantes de este grupo fueron encontrados en rocas de la misma edad tanto en la provincia de R\u00edo Negro como en Neuqu\u00e9n. Entonces el abelisaurio fue construido por el paleoartista y los paleont\u00f3logos continuaron volviendo a realizar trabajos de campo buscando los huesos que probaran que estos animales caminaron por la zona de Jacobacci en el pasado.\n\n\n\n\n\n\nFinalmente, en el a\u00f1o 2024 varios paleont\u00f3logos revisaron toda la colecci\u00f3n cret\u00e1cica del Museo H. Gerhold para determinar cu\u00e1ntos huesos de dinosaurios contiene la misma. Y aqu\u00ed ocurri\u00f3 lo asombroso: Dentro de una caja con varios huesos identificados como \u201chuesos de dinosaurios\u201d recogidos por el propio Rodolfo Casamiquela en 1956, la especialista en cr\u00e1neos Ariana Paulina-Carabajal reconoci\u00f3 3 fragmentos pertenecientes a un cr\u00e1neo de abelisaurio! Se trata de un fragmento de hueso lacrimal, un fragmento de hueso postorbital y un basicr\u00e1neo, este \u00faltimo parte de la caja craneana que conten\u00eda el cerebro del animal. Estos fragmentos no hab\u00edan podido ser identificados como pertenecientes a un dinosaurio ter\u00f3podo y mucho menos como pertenecientes a abelisaurio, ya que este grupo de dinosaurios fue reconocido como tal a partir de 1985, luego del hallazgo de Abelisaurus por parte de loss paleont\u00f3logos Jos\u00e9 Bonaparte y Fernando Novas. Los fragmentos encontrados por Rodolfo Casamiquela, si bien muy peque\u00f1os, tienen caracter\u00edsticas que son t\u00edpicas de los abelisaurios, como por ejemplo que la superficie de los huesos del cr\u00e1neo est\u00e1 ornamentada con peque\u00f1as protuberancias y surcos.\n\n\n\n\nEntusiasmados con el hallazgo de estos dinosaurios, el equipo de paleont\u00f3logos del INIBIOMA y IPGP-CENPAT realiz\u00f3 en 2025 una b\u00fasqueda de restos f\u00f3siles siguiendo los pasos que Casamiquela hab\u00eda realizado en 1956. Esta salida result\u00f3 en el hallazgo de un diente de abelisaurio en la Formaci\u00f3n Coli Toro. De esta manera, se corrobor\u00f3 que los abelisaurios estaban vivos y coleando junto a hadrosaurios y titanosaurios hace unos 80 millones de a\u00f1os atr\u00e1s, en lo que hoy es Ingeniero Jacobacci. El trabajo cient\u00edfico donde se describen los huesos encontrados en 1956 y el diente encontrado en el 2025, acaba de ser publicado en la revista Ameghiniana, de la Asociaci\u00f3n Paleontol\u00f3gica Argentina.\n\n\n\n\n\n\n\n\nEntusiasmados con el hallazgo de estos dinosaurios, el equipo de paleont\u00f3logos del INIBIOMA y IPGP-CENPAT realiz\u00f3 en 2025 una b\u00fasqueda de restos f\u00f3siles siguiendo los pasos que Casamiquela hab\u00eda realizado en 1956. Esta salida result\u00f3 en el hallazgo de un diente de abelisaurio en la Formaci\u00f3n Coli Toro. De esta manera, se corrobor\u00f3 que los abelisaurios estaban vivos y coleando junto a hadrosaurios y titanosaurios hace unos 80 millones de a\u00f1os atr\u00e1s, en lo que hoy es Ingeniero Jacobacci. El trabajo cient\u00edfico donde se describen los huesos encontrados en 1956 y el diente encontrado en el 2025, acaba de ser publicado en la revista Ameghiniana, de la Asociaci\u00f3n Paleontol\u00f3gica Argentina.\nLos huesos de un abelisaurio, encontrado por el paleont\u00f3logo Rodolfo Casamiquela, esperaron 70 a\u00f1os en una caja en el Museo de Jacobacci antes de ser estudiados\n\n\n\n\n\n\nEn los alrededores de la ciudad de I. Jacobacci afloran dos formaciones de rocas de edad cret\u00e1cica: La Fm Angostura Colorada y la Fm Coli Toro. Muchos restos de dinosaurios herb\u00edvoros han sido encontrados all\u00ed, pero era llamativo que en el Museo Jorge H. Gerhold, no hubiera ni un solo f\u00f3sil de dinosaurio carn\u00edvoro. \nEn el 2024, paleont\u00f3logos revisaron una caja con \u201chuesos de dinosaurios\u201d recogidos por Rodolfo Casamiquela en 1956. La especialista en cr\u00e1neos Ariana Paulina-Carabajal reconoci\u00f3 3 fragmentos pertenecientes a un cr\u00e1neo de abelisaurio! Los fragmentos encontrados por Casamiquela, tienen caracter\u00edsticas que son t\u00edpicas de los abelisaurios, como la superficie de los huesos ornamentada con peque\u00f1as protuberancias y surcos. \nEntusiasmados con el hallazgo, el equipo de paleont\u00f3logos del INIBIOMA y IPGP-CENPAT realiz\u00f3 en 2025 una b\u00fasqueda de restos f\u00f3siles siguiendo los pasos que Casamiquela hab\u00eda realizado en 1956. Esta salida result\u00f3 en el hallazgo de un diente de abelisaurio. De esta manera, se corrobor\u00f3 que los abelisaurios estaban vivitos y coleando, junto a hadrosaurios y titanosaurios, hace unos 80 millones de a\u00f1os atr\u00e1s, en lo que hoy es Ingeniero Jacobacci, provincia de R\u00edo Negro.\n\n\n\n\nEl trabajo cient\u00edfico donde se describen los huesos encontrados en 1956 y el diente encontrado en el 2025, acaba de ser publicado en la revista Ameghiniana, de la Asociaci\u00f3n Paleontol\u00f3gica Argentina.\n<br><br>\nAriana Paulina-Carabajal, Ariel H. M\u00e9ndez, Karen Ulloa-Guaiquin, Javier Gonz\u00e1lez-Dionis, &#038;Facundo M. Irazoqui (2025). The first record of theropod dinosaur remains from the Angostura Colorada and ColiToro Formations (Campanian\u2013Maastrichtian) in the Ingeniero Jacobacci area (R\u00edo Negro Province, Argentina). Ameghiniana, 62(6), 493\u2013504.\n\n\n\n\n\n\n\n\n","protected":false},"excerpt":{"rendered":"","protected":false},"author":1,"featured_media":0,"parent":0,"menu_order":0,"comment_status":"closed","ping_status":"closed","template":"","meta":{"pagelayer_contact_templates":[],"_pagelayer_content":"","inline_featured_image":false,"footnotes":""},"class_list":["post-429","page","type-page","status-publish","hentry","entry"],"yoast_head":"<!-- This site is optimized with the Yoast SEO plugin v27.2 - https:\/\/yoast.com\/product\/yoast-seo-wordpress\/ -->\n<title>Patrimonio Paleontol\u00f3gico - Turismo Jacobacci<\/title>\n<meta name=\"robots\" content=\"index, follow, max-snippet:-1, max-image-preview:large, max-video-preview:-1\" \/>\n<link rel=\"canonical\" href=\"https:\/\/municipalidadjacobacci.com.ar\/turismo\/patrimonio-paleontologico\/\" \/>\n<meta property=\"og:locale\" content=\"es_ES\" \/>\n<meta property=\"og:type\" content=\"article\" \/>\n<meta property=\"og:title\" content=\"Patrimonio Paleontol\u00f3gico - Turismo Jacobacci\" \/>\n<meta property=\"og:url\" content=\"https:\/\/municipalidadjacobacci.com.ar\/turismo\/patrimonio-paleontologico\/\" \/>\n<meta property=\"og:site_name\" content=\"Turismo Jacobacci\" \/>\n<meta property=\"article:modified_time\" content=\"2026-03-30T13:01:36+00:00\" \/>\n<meta name=\"twitter:card\" content=\"summary_large_image\" \/>\n<meta name=\"twitter:label1\" content=\"Tiempo de lectura\" \/>\n\t<meta name=\"twitter:data1\" content=\"2 minutos\" \/>\n<script type=\"application\/ld+json\" class=\"yoast-schema-graph\">{\"@context\":\"https:\/\/schema.org\",\"@graph\":[{\"@type\":\"WebPage\",\"@id\":\"https:\/\/municipalidadjacobacci.com.ar\/turismo\/patrimonio-paleontologico\/\",\"url\":\"https:\/\/municipalidadjacobacci.com.ar\/turismo\/patrimonio-paleontologico\/\",\"name\":\"Patrimonio Paleontol\u00f3gico - Turismo Jacobacci\",\"isPartOf\":{\"@id\":\"https:\/\/municipalidadjacobacci.com.ar\/turismo\/#website\"},\"datePublished\":\"2026-03-30T12:57:18+00:00\",\"dateModified\":\"2026-03-30T13:01:36+00:00\",\"breadcrumb\":{\"@id\":\"https:\/\/municipalidadjacobacci.com.ar\/turismo\/patrimonio-paleontologico\/#breadcrumb\"},\"inLanguage\":\"es-AR\",\"potentialAction\":[{\"@type\":\"ReadAction\",\"target\":[\"https:\/\/municipalidadjacobacci.com.ar\/turismo\/patrimonio-paleontologico\/\"]}]},{\"@type\":\"BreadcrumbList\",\"@id\":\"https:\/\/municipalidadjacobacci.com.ar\/turismo\/patrimonio-paleontologico\/#breadcrumb\",\"itemListElement\":[{\"@type\":\"ListItem\",\"position\":1,\"name\":\"Inicio\",\"item\":\"https:\/\/municipalidadjacobacci.com.ar\/turismo\/\"},{\"@type\":\"ListItem\",\"position\":2,\"name\":\"Patrimonio Paleontol\u00f3gico\"}]},{\"@type\":\"WebSite\",\"@id\":\"https:\/\/municipalidadjacobacci.com.ar\/turismo\/#website\",\"url\":\"https:\/\/municipalidadjacobacci.com.ar\/turismo\/\",\"name\":\"Turismo Jacobacci\",\"description\":\"\",\"publisher\":{\"@id\":\"https:\/\/municipalidadjacobacci.com.ar\/turismo\/#organization\"},\"potentialAction\":[{\"@type\":\"SearchAction\",\"target\":{\"@type\":\"EntryPoint\",\"urlTemplate\":\"https:\/\/municipalidadjacobacci.com.ar\/turismo\/?s={search_term_string}\"},\"query-input\":{\"@type\":\"PropertyValueSpecification\",\"valueRequired\":true,\"valueName\":\"search_term_string\"}}],\"inLanguage\":\"es-AR\"},{\"@type\":\"Organization\",\"@id\":\"https:\/\/municipalidadjacobacci.com.ar\/turismo\/#organization\",\"name\":\"Turismo Jacobacci\",\"url\":\"https:\/\/municipalidadjacobacci.com.ar\/turismo\/\",\"logo\":{\"@type\":\"ImageObject\",\"inLanguage\":\"es-AR\",\"@id\":\"https:\/\/municipalidadjacobacci.com.ar\/turismo\/#\/schema\/logo\/image\/\",\"url\":\"https:\/\/municipalidadjacobacci.com.ar\/turismo\/wp-content\/uploads\/2025\/05\/logo-v3.png\",\"contentUrl\":\"https:\/\/municipalidadjacobacci.com.ar\/turismo\/wp-content\/uploads\/2025\/05\/logo-v3.png\",\"width\":280,\"height\":158,\"caption\":\"Turismo Jacobacci\"},\"image\":{\"@id\":\"https:\/\/municipalidadjacobacci.com.ar\/turismo\/#\/schema\/logo\/image\/\"}}]}<\/script>\n<!-- \/ Yoast SEO plugin. -->","yoast_head_json":{"title":"Patrimonio Paleontol\u00f3gico - Turismo Jacobacci","robots":{"index":"index","follow":"follow","max-snippet":"max-snippet:-1","max-image-preview":"max-image-preview:large","max-video-preview":"max-video-preview:-1"},"canonical":"https:\/\/municipalidadjacobacci.com.ar\/turismo\/patrimonio-paleontologico\/","og_locale":"es_ES","og_type":"article","og_title":"Patrimonio Paleontol\u00f3gico - Turismo Jacobacci","og_url":"https:\/\/municipalidadjacobacci.com.ar\/turismo\/patrimonio-paleontologico\/","og_site_name":"Turismo Jacobacci","article_modified_time":"2026-03-30T13:01:36+00:00","twitter_card":"summary_large_image","twitter_misc":{"Tiempo de lectura":"2 minutos"},"schema":{"@context":"https:\/\/schema.org","@graph":[{"@type":"WebPage","@id":"https:\/\/municipalidadjacobacci.com.ar\/turismo\/patrimonio-paleontologico\/","url":"https:\/\/municipalidadjacobacci.com.ar\/turismo\/patrimonio-paleontologico\/","name":"Patrimonio Paleontol\u00f3gico - Turismo Jacobacci","isPartOf":{"@id":"https:\/\/municipalidadjacobacci.com.ar\/turismo\/#website"},"datePublished":"2026-03-30T12:57:18+00:00","dateModified":"2026-03-30T13:01:36+00:00","breadcrumb":{"@id":"https:\/\/municipalidadjacobacci.com.ar\/turismo\/patrimonio-paleontologico\/#breadcrumb"},"inLanguage":"es-AR","potentialAction":[{"@type":"ReadAction","target":["https:\/\/municipalidadjacobacci.com.ar\/turismo\/patrimonio-paleontologico\/"]}]},{"@type":"BreadcrumbList","@id":"https:\/\/municipalidadjacobacci.com.ar\/turismo\/patrimonio-paleontologico\/#breadcrumb","itemListElement":[{"@type":"ListItem","position":1,"name":"Inicio","item":"https:\/\/municipalidadjacobacci.com.ar\/turismo\/"},{"@type":"ListItem","position":2,"name":"Patrimonio Paleontol\u00f3gico"}]},{"@type":"WebSite","@id":"https:\/\/municipalidadjacobacci.com.ar\/turismo\/#website","url":"https:\/\/municipalidadjacobacci.com.ar\/turismo\/","name":"Turismo Jacobacci","description":"","publisher":{"@id":"https:\/\/municipalidadjacobacci.com.ar\/turismo\/#organization"},"potentialAction":[{"@type":"SearchAction","target":{"@type":"EntryPoint","urlTemplate":"https:\/\/municipalidadjacobacci.com.ar\/turismo\/?s={search_term_string}"},"query-input":{"@type":"PropertyValueSpecification","valueRequired":true,"valueName":"search_term_string"}}],"inLanguage":"es-AR"},{"@type":"Organization","@id":"https:\/\/municipalidadjacobacci.com.ar\/turismo\/#organization","name":"Turismo Jacobacci","url":"https:\/\/municipalidadjacobacci.com.ar\/turismo\/","logo":{"@type":"ImageObject","inLanguage":"es-AR","@id":"https:\/\/municipalidadjacobacci.com.ar\/turismo\/#\/schema\/logo\/image\/","url":"https:\/\/municipalidadjacobacci.com.ar\/turismo\/wp-content\/uploads\/2025\/05\/logo-v3.png","contentUrl":"https:\/\/municipalidadjacobacci.com.ar\/turismo\/wp-content\/uploads\/2025\/05\/logo-v3.png","width":280,"height":158,"caption":"Turismo Jacobacci"},"image":{"@id":"https:\/\/municipalidadjacobacci.com.ar\/turismo\/#\/schema\/logo\/image\/"}}]}},"_links":{"self":[{"href":"https:\/\/municipalidadjacobacci.com.ar\/turismo\/wp-json\/wp\/v2\/pages\/429","targetHints":{"allow":["GET"]}}],"collection":[{"href":"https:\/\/municipalidadjacobacci.com.ar\/turismo\/wp-json\/wp\/v2\/pages"}],"about":[{"href":"https:\/\/municipalidadjacobacci.com.ar\/turismo\/wp-json\/wp\/v2\/types\/page"}],"author":[{"embeddable":true,"href":"https:\/\/municipalidadjacobacci.com.ar\/turismo\/wp-json\/wp\/v2\/users\/1"}],"replies":[{"embeddable":true,"href":"https:\/\/municipalidadjacobacci.com.ar\/turismo\/wp-json\/wp\/v2\/comments?post=429"}],"version-history":[{"count":2,"href":"https:\/\/municipalidadjacobacci.com.ar\/turismo\/wp-json\/wp\/v2\/pages\/429\/revisions"}],"predecessor-version":[{"id":432,"href":"https:\/\/municipalidadjacobacci.com.ar\/turismo\/wp-json\/wp\/v2\/pages\/429\/revisions\/432"}],"wp:attachment":[{"href":"https:\/\/municipalidadjacobacci.com.ar\/turismo\/wp-json\/wp\/v2\/media?parent=429"}],"curies":[{"name":"wp","href":"https:\/\/api.w.org\/{rel}","templated":true}]}}