{"id":167,"date":"2025-05-28T16:12:59","date_gmt":"2025-05-28T16:12:59","guid":{"rendered":"https:\/\/municipalidadjacobacci.com.ar\/turismo\/?page_id=167"},"modified":"2025-05-28T16:18:45","modified_gmt":"2025-05-28T16:18:45","slug":"turismo-sustentable","status":"publish","type":"page","link":"https:\/\/municipalidadjacobacci.com.ar\/turismo\/turismo-sustentable\/","title":{"rendered":"Turismo Sustentable"},"content":{"rendered":"\n\n\n\n\n\n\n\n\n\n<h2>Pol\u00edtica Integral para la Gesti\u00f3n de Municipios Tur\u00edsticos Sustentables.<\/h2>\nLa Municipalidad de Ingeniero Jacobacci, bajo la direcci\u00f3n de su Intendente y a trav\u00e9s del \u00e1rea municipal de turismo reafirma su compromiso con la implementaci\u00f3n de pol\u00edticas p\u00fablicas basadas en los pilares de la sostenibilidad, la accesibilidad y la calidad, y se compromete a seguir promoviendo un modelo de desarrollo tur\u00edstico responsable, inclusivo e innovador. Este modelo busca generar beneficios concretos para la comunidad, asegurar la conservaci\u00f3n del patrimonio local y garantizar que tanto residentes como visitantes puedan disfrutar de un entorno seguro, ordenado y con identidad propia.\nEsta pol\u00edtica ser\u00e1 llevada adelante guiada por valores fundamentales como la equidad, la inclusi\u00f3n, la corresponsabilidad social, el respeto por la diversidad cultural y el compromiso con las generaciones futuras. Bajo estos principios, se promover\u00e1 una gesti\u00f3n participativa y transparente, que integre activamente a la comunidad local, al sector privado, a las comunidades rurales y a otros actores territoriales. Asimismo, se fomentar\u00e1 la innovaci\u00f3n, la resiliencia y la mejora continua como ejes estrat\u00e9gicos para fortalecer el turismo como motor de desarrollo local, asegurando una distribuci\u00f3n justa de los beneficios y priorizando el cuidado del entorno natural, el patrimonio cultural y la calidad de vida de la poblaci\u00f3n.\nDicha pol\u00edtica se enmarca en los lineamientos propuestos a nivel nacional bajo el marco de la Secretar\u00eda de Turismo, Ambiente y Deportes de la Naci\u00f3n y de la Direcci\u00f3n Nacional de Calidad Tur\u00edstica: &#8220;Programa bases para la gesti\u00f3n integral de municipios tur\u00edsticos sostenibles&#8221;, dise\u00f1ado para fortalecer y potenciar el desarrollo tur\u00edstico en los municipios del pa\u00eds.\n\n\n\n\n\n\n\n\n\n\n\n\n\n","protected":false},"excerpt":{"rendered":"","protected":false},"author":1,"featured_media":0,"parent":0,"menu_order":0,"comment_status":"closed","ping_status":"closed","template":"","meta":{"pagelayer_contact_templates":[],"_pagelayer_content":"","inline_featured_image":false,"footnotes":""},"class_list":["post-167","page","type-page","status-publish","hentry","entry"],"yoast_head":"<!-- This site is optimized with the Yoast SEO plugin v27.2 - https:\/\/yoast.com\/product\/yoast-seo-wordpress\/ -->\n<title>Turismo Sustentable - Turismo Jacobacci<\/title>\n<meta name=\"robots\" content=\"index, follow, max-snippet:-1, max-image-preview:large, max-video-preview:-1\" \/>\n<link rel=\"canonical\" href=\"https:\/\/municipalidadjacobacci.com.ar\/turismo\/turismo-sustentable\/\" \/>\n<meta property=\"og:locale\" content=\"es_ES\" \/>\n<meta property=\"og:type\" content=\"article\" \/>\n<meta property=\"og:title\" content=\"Turismo Sustentable - Turismo Jacobacci\" \/>\n<meta property=\"og:url\" content=\"https:\/\/municipalidadjacobacci.com.ar\/turismo\/turismo-sustentable\/\" \/>\n<meta property=\"og:site_name\" content=\"Turismo Jacobacci\" \/>\n<meta property=\"article:modified_time\" content=\"2025-05-28T16:18:45+00:00\" \/>\n<meta name=\"twitter:card\" content=\"summary_large_image\" \/>\n<script type=\"application\/ld+json\" class=\"yoast-schema-graph\">{\"@context\":\"https:\/\/schema.org\",\"@graph\":[{\"@type\":\"WebPage\",\"@id\":\"https:\/\/municipalidadjacobacci.com.ar\/turismo\/turismo-sustentable\/\",\"url\":\"https:\/\/municipalidadjacobacci.com.ar\/turismo\/turismo-sustentable\/\",\"name\":\"Turismo Sustentable - Turismo Jacobacci\",\"isPartOf\":{\"@id\":\"https:\/\/municipalidadjacobacci.com.ar\/turismo\/#website\"},\"datePublished\":\"2025-05-28T16:12:59+00:00\",\"dateModified\":\"2025-05-28T16:18:45+00:00\",\"breadcrumb\":{\"@id\":\"https:\/\/municipalidadjacobacci.com.ar\/turismo\/turismo-sustentable\/#breadcrumb\"},\"inLanguage\":\"es-AR\",\"potentialAction\":[{\"@type\":\"ReadAction\",\"target\":[\"https:\/\/municipalidadjacobacci.com.ar\/turismo\/turismo-sustentable\/\"]}]},{\"@type\":\"BreadcrumbList\",\"@id\":\"https:\/\/municipalidadjacobacci.com.ar\/turismo\/turismo-sustentable\/#breadcrumb\",\"itemListElement\":[{\"@type\":\"ListItem\",\"position\":1,\"name\":\"Inicio\",\"item\":\"https:\/\/municipalidadjacobacci.com.ar\/turismo\/\"},{\"@type\":\"ListItem\",\"position\":2,\"name\":\"Turismo Sustentable\"}]},{\"@type\":\"WebSite\",\"@id\":\"https:\/\/municipalidadjacobacci.com.ar\/turismo\/#website\",\"url\":\"https:\/\/municipalidadjacobacci.com.ar\/turismo\/\",\"name\":\"Turismo Jacobacci\",\"description\":\"\",\"publisher\":{\"@id\":\"https:\/\/municipalidadjacobacci.com.ar\/turismo\/#organization\"},\"potentialAction\":[{\"@type\":\"SearchAction\",\"target\":{\"@type\":\"EntryPoint\",\"urlTemplate\":\"https:\/\/municipalidadjacobacci.com.ar\/turismo\/?s={search_term_string}\"},\"query-input\":{\"@type\":\"PropertyValueSpecification\",\"valueRequired\":true,\"valueName\":\"search_term_string\"}}],\"inLanguage\":\"es-AR\"},{\"@type\":\"Organization\",\"@id\":\"https:\/\/municipalidadjacobacci.com.ar\/turismo\/#organization\",\"name\":\"Turismo Jacobacci\",\"url\":\"https:\/\/municipalidadjacobacci.com.ar\/turismo\/\",\"logo\":{\"@type\":\"ImageObject\",\"inLanguage\":\"es-AR\",\"@id\":\"https:\/\/municipalidadjacobacci.com.ar\/turismo\/#\/schema\/logo\/image\/\",\"url\":\"https:\/\/municipalidadjacobacci.com.ar\/turismo\/wp-content\/uploads\/2025\/05\/logo-v3.png\",\"contentUrl\":\"https:\/\/municipalidadjacobacci.com.ar\/turismo\/wp-content\/uploads\/2025\/05\/logo-v3.png\",\"width\":280,\"height\":158,\"caption\":\"Turismo Jacobacci\"},\"image\":{\"@id\":\"https:\/\/municipalidadjacobacci.com.ar\/turismo\/#\/schema\/logo\/image\/\"}}]}<\/script>\n<!-- \/ Yoast SEO plugin. -->","yoast_head_json":{"title":"Turismo Sustentable - Turismo Jacobacci","robots":{"index":"index","follow":"follow","max-snippet":"max-snippet:-1","max-image-preview":"max-image-preview:large","max-video-preview":"max-video-preview:-1"},"canonical":"https:\/\/municipalidadjacobacci.com.ar\/turismo\/turismo-sustentable\/","og_locale":"es_ES","og_type":"article","og_title":"Turismo Sustentable - Turismo Jacobacci","og_url":"https:\/\/municipalidadjacobacci.com.ar\/turismo\/turismo-sustentable\/","og_site_name":"Turismo Jacobacci","article_modified_time":"2025-05-28T16:18:45+00:00","twitter_card":"summary_large_image","schema":{"@context":"https:\/\/schema.org","@graph":[{"@type":"WebPage","@id":"https:\/\/municipalidadjacobacci.com.ar\/turismo\/turismo-sustentable\/","url":"https:\/\/municipalidadjacobacci.com.ar\/turismo\/turismo-sustentable\/","name":"Turismo Sustentable - Turismo Jacobacci","isPartOf":{"@id":"https:\/\/municipalidadjacobacci.com.ar\/turismo\/#website"},"datePublished":"2025-05-28T16:12:59+00:00","dateModified":"2025-05-28T16:18:45+00:00","breadcrumb":{"@id":"https:\/\/municipalidadjacobacci.com.ar\/turismo\/turismo-sustentable\/#breadcrumb"},"inLanguage":"es-AR","potentialAction":[{"@type":"ReadAction","target":["https:\/\/municipalidadjacobacci.com.ar\/turismo\/turismo-sustentable\/"]}]},{"@type":"BreadcrumbList","@id":"https:\/\/municipalidadjacobacci.com.ar\/turismo\/turismo-sustentable\/#breadcrumb","itemListElement":[{"@type":"ListItem","position":1,"name":"Inicio","item":"https:\/\/municipalidadjacobacci.com.ar\/turismo\/"},{"@type":"ListItem","position":2,"name":"Turismo Sustentable"}]},{"@type":"WebSite","@id":"https:\/\/municipalidadjacobacci.com.ar\/turismo\/#website","url":"https:\/\/municipalidadjacobacci.com.ar\/turismo\/","name":"Turismo Jacobacci","description":"","publisher":{"@id":"https:\/\/municipalidadjacobacci.com.ar\/turismo\/#organization"},"potentialAction":[{"@type":"SearchAction","target":{"@type":"EntryPoint","urlTemplate":"https:\/\/municipalidadjacobacci.com.ar\/turismo\/?s={search_term_string}"},"query-input":{"@type":"PropertyValueSpecification","valueRequired":true,"valueName":"search_term_string"}}],"inLanguage":"es-AR"},{"@type":"Organization","@id":"https:\/\/municipalidadjacobacci.com.ar\/turismo\/#organization","name":"Turismo Jacobacci","url":"https:\/\/municipalidadjacobacci.com.ar\/turismo\/","logo":{"@type":"ImageObject","inLanguage":"es-AR","@id":"https:\/\/municipalidadjacobacci.com.ar\/turismo\/#\/schema\/logo\/image\/","url":"https:\/\/municipalidadjacobacci.com.ar\/turismo\/wp-content\/uploads\/2025\/05\/logo-v3.png","contentUrl":"https:\/\/municipalidadjacobacci.com.ar\/turismo\/wp-content\/uploads\/2025\/05\/logo-v3.png","width":280,"height":158,"caption":"Turismo Jacobacci"},"image":{"@id":"https:\/\/municipalidadjacobacci.com.ar\/turismo\/#\/schema\/logo\/image\/"}}]}},"_links":{"self":[{"href":"https:\/\/municipalidadjacobacci.com.ar\/turismo\/wp-json\/wp\/v2\/pages\/167","targetHints":{"allow":["GET"]}}],"collection":[{"href":"https:\/\/municipalidadjacobacci.com.ar\/turismo\/wp-json\/wp\/v2\/pages"}],"about":[{"href":"https:\/\/municipalidadjacobacci.com.ar\/turismo\/wp-json\/wp\/v2\/types\/page"}],"author":[{"embeddable":true,"href":"https:\/\/municipalidadjacobacci.com.ar\/turismo\/wp-json\/wp\/v2\/users\/1"}],"replies":[{"embeddable":true,"href":"https:\/\/municipalidadjacobacci.com.ar\/turismo\/wp-json\/wp\/v2\/comments?post=167"}],"version-history":[{"count":3,"href":"https:\/\/municipalidadjacobacci.com.ar\/turismo\/wp-json\/wp\/v2\/pages\/167\/revisions"}],"predecessor-version":[{"id":171,"href":"https:\/\/municipalidadjacobacci.com.ar\/turismo\/wp-json\/wp\/v2\/pages\/167\/revisions\/171"}],"wp:attachment":[{"href":"https:\/\/municipalidadjacobacci.com.ar\/turismo\/wp-json\/wp\/v2\/media?parent=167"}],"curies":[{"name":"wp","href":"https:\/\/api.w.org\/{rel}","templated":true}]}}