{"id":87,"date":"2024-08-09T12:13:33","date_gmt":"2024-08-09T12:13:33","guid":{"rendered":"https:\/\/municipalidadjacobacci.com.ar\/boletin\/?page_id=87"},"modified":"2024-08-09T12:44:39","modified_gmt":"2024-08-09T12:44:39","slug":"legislacion","status":"publish","type":"page","link":"https:\/\/municipalidadjacobacci.com.ar\/boletin\/legislacion\/","title":{"rendered":"Legislaci\u00f3n"},"content":{"rendered":"\n\n\n<strong><u>RESOLUCION N.\u00b0 417 \/2024.\n<\/u><\/strong><br>\n<br>VISTO.:\n<br>La Ordenanza N.\u00b0 022 \/2024, aprobada el d\u00eda 16 de julio de 2024, que denomina\n<br>CREACION BOLETIN OFICIAL MUNICIPAL ELECTRONICO y;\n<br>CONSIDERANDO:\n<br>Que nada obsta a la Promulgaci\u00f3n de la misma.\n<br>POR ELLO\n<br>El Sr Intendente Municipal, en uso de las atribuciones que le son propias y las que le confiere la Carta Org\u00e1nica Municipal,\n<br>RESUELVE\n<br>ARTICULO 1: PROMULGAR la Ordenanza No022 \/2024, sancionada por el Concejo Deliberante el 16 de julio de 2024.\n<br>ARTICULO 2: REGISTRESE, Comun\u00edquese, dese publicidad, cumplido, arch\u00edvese.\n<br>Ingeniero Jacobacci, 18 de julio de 2024.\n<br>RESOLUCION N.\u00b0 417 \/2024.\n<br>\n<br>&#8211; &#8211; &#8211; &#8211; &#8211; &#8211; &#8211; &#8211; &#8211; &#8211; &#8211; &#8211; &#8211; &#8211; &#8211; &#8211; &#8211; &#8211; &#8211; &#8211; &#8211;\n<br>\n<strong><u><br>ORDENANZA MUNICIPAL Nro.: 022 \/2024.\n<\/u><\/strong><br>\n<br>VISTO: La necesidad de modernizar y transparentar la difusi\u00f3n de las disposiciones normativas y administrativas de la Municipalidad de Ingeniero Jacobacci; Y\n <br>CONSIDERANDO: Que, resulta imperioso adoptar herramientas tecnol\u00f3gicas que permitan una mayor accesibilidad a la informaci\u00f3n p\u00fablica, facilitando a los ciudadanos el acceso a las normas y disposiciones municipales Que, el Boletfn Oficial Electr\u00f3nico constituye un medio eficaz, \u00e1gily econ\u00f3mico para la publicaci\u00f3n de los actos administrativos y normativos de la Municipalidad, garantizando su publicidad y transparencia. Que, en dicho sentido han avanzado distintos estamentos de gobierno en el pais ya sea e\/ Bolet\u00edn Oficial de la Naci\u00f3n, a trav\u00e9s del Decreto 207\/16. o el mismo Bolet\u00edn Oficial de la Provincia de Rio Negro, que mediante la Ley Prov. 5261. establecieron un precedente normativo para la implementaci\u00f3n de Boletines Oficiales en los distintos niveles de gobierno Que, diversos municipios de la Provincia de Rio Negro han implementado con \u00e9xito Boletines Oficiales Electr\u00f3nicos, contribuyendo a la modernizaci\u00f3n de la administraci\u00f3n p\u00fablica, Que, es necesario establecer un marco normativo que regule la creaci\u00f3n, organizaci\u00f3n y funcionamiento del Boletin Oficial Electr\u00f3nico de la Municipalidad de Ingeniero Jacobacci.\n <br>POR ELLO:\n<br>Y en uso de las facultades que le son propias y las que le confiere\n<br>EL CONCEJO DELIBERANTE DE INGENIERO JACOBACCI\n<br>La Carta Org\u00e1nica Municipal\n<br>SANCIONA CON FUERZA DE\n<br>\n<br>ARTICULO 1: Creaci\u00f3n del Boletin Oficial Electr\u00f3nico\n<br>ORDENANZA\n<br>Cr\u00e9ase el Boletin Oficial Electr\u00f3nico de la Municipalidad de Ingeniero Jacobacci, como medio oficial de publicaci\u00f3n de las disposiciones normativas y administrativas emanadas de los \u00f3rganos del gobierno municipal.\n<br>\n<br>ART\u00cdCULO 2: Contenido del Boletin Oficial Electr\u00f3nico\n<br>EI Boletin Oficial Electr\u00f3nico publicar\u00e1, entre otros, los siguientes documentos\n<br>a) Ordenanzas, resoluciones, decretos y disposiciones de la Junta Electoral Municipal, del Tribunal de Cuentas, del Concejo Deliberante y del Poder Ejecutivo.\n<br>b) Contratos, licitaciones y concursos p\u00fablicos.\n<br>c) Convocatorias y resultados de concursos y licitaciones.\n<br>d) Edictos y notificaciones oficiales.\n<br>e) Las inserciones que solicite el Poder Legislativo y los Organismos de Control cuando lo estimen de inter\u00e9s p\u00fablico\n<br>f) Toda otra informaci\u00f3n que por disposici\u00f3n legal o reglamentaria deba ser publicada en el Bolet\u00edn Oficial.\n<br>\n<br>ART\u00cdCULO 3: Plataforma y Accesibilidad\n<br>La publicaci\u00f3n del Boletin Oficial Electr\u00f3nico se realizar\u00e1 a trav\u00e9s del sitio web oficial de la Municipalidad de Ingeniero Jacobacci, garantizando el acceso libre y gratuito a todos los ciudadanos.\n<br>\n<br>ART\u00cdCULO 4: Periodicidad\n<br>El Boletfn Oficial Electr\u00f3nico tendr\u00e1 una periodicidad semanal, salvo en casos de urgencia debidamente justificada, en los que se podr\u00e1n realizar publicaciones extraordinarias.\n<br>\n<br>ART\u00cdCULO 5: Responsabilidad de Publicaci\u00f3n\n<br>Sera responsabilidad del Poder Ejecutivo Municipal, a trav\u00e9s de la Secretaria de Gobierno el \u00e1rea que en el futuro la reemplace, la recepci\u00f3n, compaginaci\u00f3n y publicaci\u00f3n de los documentos en el Boletin Oficial Electr\u00f3nico,\n<br>\n<br>ART\u00cdCULO 6: Valor Jurfdico\n<br>Las publicaciones realizadas en el Boletin Oficial Electr\u00f3nico tendr\u00e1n pleno valor jur\u00eddico, consider\u00e1ndose como medio oficial de notificaci\u00f3n y publicidad de los actos municipales.\n<br>\n<br>ART\u00cdCULO 7: Reglamento Interno\n<br>El Poder Ejecutivo reglamentar\u00e1, en un plazo no mayor a quince (15) d\u00edas h\u00e1biles contados desde la promulgaci\u00f3n de la presente ordenanza, Ilos aspectos t\u00e9cnicos y operativos necesarios para la implementaci\u00f3n y funcionamiento del Boletin Oficial Electr\u00f3nico.\n<br>\n<br>ART\u00cdCULO 8: Disposiciones generales\n<br>Cada edici\u00f3n debe contener el n\u00famero de Boletin Oficial, la fecha a la que corresponde esa publicaci\u00f3n, la numeraci\u00f3n de sus p\u00e1ginas, ordenada y correlativa\n<br>\n<br>ART\u00cdCULO 9\u00b0:\n<br>Se deja establecido que deben resguardarse dos (2) ejemplares impresos de cada edici\u00f3n electr\u00f3nica del Boletfn Oficial para archivo, registro y consulta, uno (1) en el Poder Ejecutivo y uno (1) en el Poder Legislativo\n<br>\n<br>ART\u00cdCULO 10\u00b0:\n<br>Queda prohibido a todo funcionario o agente p\u00fablico retener o retardar indebidamente la publicaci\u00f3n de cualquier documento remitido al Boletin Oficial para su incorporaci\u00f3n.\n<br>\n<br>ARTICULO 11\u00b0\n<br>La presente ordenanza entrar\u00e1 en vigencia a partir de su promulgaci\u00f3n.\n<br>\n<br>ART\u00cdCULO 12\u00b0: DE FORMA.\n<br>ORDENANZA MUNICIPAL Nro.: 022 \/2024.\n<br>Ingeniero Jacobacci, 18 de Julio de 2024.-\n<br>\n\n\n","protected":false},"excerpt":{"rendered":"","protected":false},"author":1,"featured_media":72,"parent":0,"menu_order":0,"comment_status":"closed","ping_status":"closed","template":"","meta":{"pagelayer_contact_templates":[],"_pagelayer_content":"","footnotes":""},"class_list":["post-87","page","type-page","status-publish","has-post-thumbnail","hentry","entry","has-media"],"rttpg_featured_image_url":{"full":["https:\/\/municipalidadjacobacci.com.ar\/boletin\/wp-content\/uploads\/2024\/08\/boletin_oficial-3.jpg",600,165,false],"landscape":["https:\/\/municipalidadjacobacci.com.ar\/boletin\/wp-content\/uploads\/2024\/08\/boletin_oficial-3.jpg",600,165,false],"portraits":["https:\/\/municipalidadjacobacci.com.ar\/boletin\/wp-content\/uploads\/2024\/08\/boletin_oficial-3.jpg",600,165,false],"thumbnail":["https:\/\/municipalidadjacobacci.com.ar\/boletin\/wp-content\/uploads\/2024\/08\/boletin_oficial-3-150x150.jpg",150,150,true],"medium":["https:\/\/municipalidadjacobacci.com.ar\/boletin\/wp-content\/uploads\/2024\/08\/boletin_oficial-3-300x83.jpg",300,83,true],"large":["https:\/\/municipalidadjacobacci.com.ar\/boletin\/wp-content\/uploads\/2024\/08\/boletin_oficial-3.jpg",600,165,false],"1536x1536":["https:\/\/municipalidadjacobacci.com.ar\/boletin\/wp-content\/uploads\/2024\/08\/boletin_oficial-3.jpg",600,165,false],"2048x2048":["https:\/\/municipalidadjacobacci.com.ar\/boletin\/wp-content\/uploads\/2024\/08\/boletin_oficial-3.jpg",600,165,false],"ocean-thumb-m":["https:\/\/municipalidadjacobacci.com.ar\/boletin\/wp-content\/uploads\/2024\/08\/boletin_oficial-3.jpg",600,165,false],"ocean-thumb-ml":["https:\/\/municipalidadjacobacci.com.ar\/boletin\/wp-content\/uploads\/2024\/08\/boletin_oficial-3.jpg",600,165,false],"ocean-thumb-l":["https:\/\/municipalidadjacobacci.com.ar\/boletin\/wp-content\/uploads\/2024\/08\/boletin_oficial-3.jpg",600,165,false]},"rttpg_author":{"display_name":"admin","author_link":"https:\/\/municipalidadjacobacci.com.ar\/boletin\/author\/boletin\/"},"rttpg_comment":0,"rttpg_category":null,"rttpg_excerpt":null,"_links":{"self":[{"href":"https:\/\/municipalidadjacobacci.com.ar\/boletin\/wp-json\/wp\/v2\/pages\/87","targetHints":{"allow":["GET"]}}],"collection":[{"href":"https:\/\/municipalidadjacobacci.com.ar\/boletin\/wp-json\/wp\/v2\/pages"}],"about":[{"href":"https:\/\/municipalidadjacobacci.com.ar\/boletin\/wp-json\/wp\/v2\/types\/page"}],"author":[{"embeddable":true,"href":"https:\/\/municipalidadjacobacci.com.ar\/boletin\/wp-json\/wp\/v2\/users\/1"}],"replies":[{"embeddable":true,"href":"https:\/\/municipalidadjacobacci.com.ar\/boletin\/wp-json\/wp\/v2\/comments?post=87"}],"version-history":[{"count":4,"href":"https:\/\/municipalidadjacobacci.com.ar\/boletin\/wp-json\/wp\/v2\/pages\/87\/revisions"}],"predecessor-version":[{"id":101,"href":"https:\/\/municipalidadjacobacci.com.ar\/boletin\/wp-json\/wp\/v2\/pages\/87\/revisions\/101"}],"wp:featuredmedia":[{"embeddable":true,"href":"https:\/\/municipalidadjacobacci.com.ar\/boletin\/wp-json\/wp\/v2\/media\/72"}],"wp:attachment":[{"href":"https:\/\/municipalidadjacobacci.com.ar\/boletin\/wp-json\/wp\/v2\/media?parent=87"}],"curies":[{"name":"wp","href":"https:\/\/api.w.org\/{rel}","templated":true}]}}