{"id":8,"date":"2024-08-06T14:14:54","date_gmt":"2024-08-06T14:14:54","guid":{"rendered":"https:\/\/municipalidadjacobacci.com.ar\/boletin\/?page_id=8"},"modified":"2026-03-19T14:14:50","modified_gmt":"2026-03-19T14:14:50","slug":"inicio","status":"publish","type":"page","link":"https:\/\/municipalidadjacobacci.com.ar\/boletin\/","title":{"rendered":"Bolet\u00edn Oficial &#8211; Municipio de Jacobacci"},"content":{"rendered":"\n\n\n\n\n\n\n\n\n\n<h1>Bolet\u00edn Oficial N\u00b0 11<\/h1>\n<h3>Marzo 2026<\/h3>\n\n<ul>\n<li>028\/2025 Prohibici\u00f3n de adscripciones<\/li>\n<li>029\/2025 Acreditaci\u00f3n de fondos asignados al Concejo Deliberante<\/li>\n<li>030\/2025 Alta CUIT del Concejo Deliberante<\/li>\n<li>031\/2025 Prohibici\u00f3n de contrataci\u00f3n familiar de funcionarios municipales<\/li>\n<li>032\/2025 Resoluciones Municipales<\/li>\n<li>043\/2025 Prohibici\u00f3n quema de basura<\/li>\n<li>051\/2025 Organigrama 2026<\/li>\n<li>056\/2025 Gastos reservados del Intendente<\/li>\n<\/ul>\n\n\n\n\n\n\n\n\n\n\n<h1>Bolet\u00edn Oficial N\u00b0 9<\/h1>\n<h3>Febrero 2026<\/h3>\n\n<ul>\n<li>054-2025 &#8211; Ordenanza Tarifaria 2026 art\u00edculos restantes<\/li>\n<li>055-2025 &#8211; Presupuesto 2026<\/li>\n<\/ul>\n\n\n<h1>Bolet\u00edn Oficial N\u00b0 10<\/h1>\n<h3>17 de marzo de 2026<\/h3>\n\n<ul>\n<li>REGULARIZACI\u00d3N DE SEPULTURAS CEMENTERIO LOCAL<\/li>\n<\/ul>\n\n\n\n\n\n\n\n\n\n\n\n\n\n<h1>Bolet\u00edn Oficial N\u00b0 7<\/h1>\n<h3>Octubre 2025<\/h3>\n\n<ul>\n<li>P\u00e1g. 3 &#8211; 025\/2025 &#8211; Contrataci\u00f3n de personas condenadas por delitos sexuales<\/li>\n<li>P\u00e1g. 6 &#8211; 026\/2025 &#8211; Adhesi\u00f3n a la Ley Provincial N\u00b0 5767 &#8220;Parques Industriales&#8221;<\/li>\n<li>P\u00e1g. 9 &#8211; 27\/2025 \u2013 Ejecuci\u00f3n Presupuestaria 2024<\/li>\n<\/ul>\n\n\n<h1>Bolet\u00edn Oficial N\u00b0 8<\/h1>\n<h3>Febrero 2026<\/h3>\n\n<ul>\n<li>033-2025 &#8211; T\u00edtulo de Propiedad Melillanca Vilma Ester<\/li>\n<li>034-2025 &#8211; T\u00edtulo de Propiedad Daniel Federico Vidal<\/li>\n<li>036-2025 &#8211; Asesor Letrado Concejo Deliberante<\/li>\n<li>037-2025 &#8211; Derogaci\u00f3n de Ordenanza 012\/2025 Residuos S\u00f3lidos Urbanos<\/li>\n<li>038-2025 &#8211; Estudio de Impacto Ambiental<\/li>\n<li>040-2025 &#8211; Donaci\u00f3n de Terreno a Organizaci\u00f3n de Mujeres<\/li>\n<li>041-2025 &#8211; T\u00edtulo de Propiedad Carmen Soledad Llanca<\/li>\n<li>042-2025 &#8211; Adhesi\u00f3n a la Ley Provincial N\u00b0 5086<\/li>\n<li>044-2025 &#8211; Reformulaci\u00f3n C\u00f3digo de Faltas<\/li>\n<li>045-2025 &#8211; Modificaci\u00f3n Oza. N\u00b0 059\/2019<\/li>\n<li>046-2025 &#8211; Regulaci\u00f3n Uso de Minibus Municipal<\/li>\n<li>047-2025 &#8211; Aceptaci\u00f3n de renuncia a su banca Concejal Maximiliano Berthe\n<li>048-2025 &#8211; Domicilio Fiscal Electr\u00f3nico<\/li>\n<\/ul>\n\n\n\n\n\n\n\n\n\n\n\n\n\n<h1>Bolet\u00edn Oficial N\u00b0 6<\/h1>\n<h3>Septiembre 2025<\/h3>\n\n<ul>\n<li>P\u00e1g. 3 &#8211; 016-2025 &#8211; T\u00edtulo de propiedad inmueble<\/li>\n<li>P\u00e1g. 6 &#8211; 017-2025 &#8211; T\u00edtulo de propiedad inmueble<\/li>\n<li>P\u00e1g. 9 &#8211; 018-2025 &#8211; T\u00edtulo de propiedad inmueble<\/li>\n<li>P\u00e1g. 12 &#8211; 019-2025 &#8211; T\u00edtulo de propiedad inmueble<\/li>\n<li>P\u00e1g. 15 &#8211; 020-2025 &#8211; T\u00edtulo de propiedad inmueble<\/li>\n<li>P\u00e1g. 18 &#8211; 021-2025 &#8211; T\u00edtulo de propiedad inmueble<\/li>\n<li>P\u00e1g. 21 &#8211; 022-2025 &#8211; Edificio Hist\u00f3rico Municipal Museo Jorge Gerhold<\/li>\n<li>P\u00e1g. 24 &#8211; 023-2025 &#8211; Edificio Hist\u00f3rico Municipal Sede Municipalidad<\/li>\n<li>P\u00e1g. 27 &#8211; 024-2025 &#8211; Veto total ordenanza Res. 1084\/2025<\/li>\n\n<\/ul>\n\n\n<h1>Bolet\u00edn Oficial N\u00b0 5<\/h1>\n<h3>Julio 2025<\/h3>\n\n<ul>\n<li>P\u00e1g. 3 &#8211; Regulaci\u00f3n de vendedores ambulantes &#8211; 013\/2025<\/li>\n<li>P\u00e1g. 11 &#8211; Tasa de Residuos S\u00f3lidos Urbanos (RSU) &#8211; 012\/2025<\/li>\n<li>P\u00e1g. 15 &#8211; Venta de tierras entre vecinos &#8211; 011\/2025<\/li>\n<li>P\u00e1g. 18 &#8211; Modificatoria inciso &#8220;0&#8221; del art\u00edculo 16 Oza. 017\/2024 Taxis y Remises &#8211; 010\/2025<\/li>\n<li>P\u00e1g. 20 &#8211; Modificatoria Art\u00edculo 19 Oza. 017\/2024 Taxis y Remises &#8211; 009\/2025\n<li>P\u00e1g. 22 &#8211; Proyecto de ordenanza Leassing Financiero modificado &#8211; 015\/2025<\/li>\n<li>P\u00e1g. 26 &#8211; Derogaci\u00f3n de ordenanza 004\/2025 Leassing Financiero &#8211; 014\/2025<\/li>\n<\/ul>\n\n\n\n\n\n\n\n\n\n\n\n\n\n<h1>Bolet\u00edn Oficial N\u00b0 4<\/h1>\n<h3>Mayo 2025\n<\/h3>\n\n<ul>\n<li>P\u00e1g. 3 &#8211; Veto parcialmente ordenanza &#8211; 003\/2025<\/li>\n\n<li>P\u00e1g. 16 &#8211; Donaci\u00f3n de tierras a IPPV para crear 10 viviendas &#8211; 006\/2025<\/li>\n\n<li>P\u00e1g. 19 &#8211; Donaci\u00f3n de franja de tierra de Vialidad Rionegrina para Barrio Policial &#8211; 005\/2025<\/li>\n\n<li>P\u00e1g. 22 &#8211; Leassing Financiero &#8211; 008\/2025<\/li>\n\n<li>P\u00e1g. 26 &#8211; Veto ordenanza por nulidad y afectaci\u00f3n del patrimonio municipal &#8211; 007\/2025<\/li>\n\n<li>P\u00e1g. 31 &#8211; Veto ordenanza por nulidad, afectaci\u00f3n del patrimonio y afectaci\u00f3n de la autonom\u00eda municipal &#8211; 008\/2025<\/li>\n\n<\/ul>\n\n\n<h1>Bolet\u00edn Oficial N\u00b0 3<\/h1>\n<h3>Enero 2025<\/h3>\n\n<ul>\n<li>P\u00e1g. 3 &#8211; Tarifaria a\u00f1o 2025 &#8211; 002\/25<\/li>\n<li>P\u00e1g. 39 &#8211; Ordenanza Fiscal Municipal &#8211; 002\/25<\/li>\n<\/ul>\n\n\n\n\n\n\n\n\n\n\n\n\n\n<h1>Bolet\u00edn Oficial N\u00b0 2<\/h1>\n<h3>Diciembre 2024<\/h3>\n\n<ul>\n<li>P\u00e1g. 3 &#8211; D\u00eda internacional de la lucha contra las violencias hacia la mujer. &#8211; 011\/24<\/li>\n<li>P\u00e1g. 6 &#8211; Notificaciones electr\u00f3nicas &#8211; 031\/24<\/li>\n<li>P\u00e1g. 10 &#8211; Modificatoria Ordenanza N\u00b0 061\/2019 &#8211; 030\/24<\/li>\n<li>P\u00e1g. 15 &#8211; Derogaci\u00f3n Ordenanza 009-0508\/2005 &#8211; 038\/24<\/li>\n<li>P\u00e1g. 19 &#8211; Organigrama Municipal &#8211; 037\/24<\/li>\n<li>P\u00e1g. 27 &#8211; Presupuesto 2025 &#8211; 036\/24<\/li>\n<li>P\u00e1g. 31 &#8211; Senda de la diversidad &#8211; 035\/24<\/li>\n<li>P\u00e1g. 35 &#8211; Nombramiento del espacio p\u00fablico Barrio Estadio &#8220;Paseo Entre Puentes&#8221; 034\/24<\/li>\n<li>P\u00e1g. 38 &#8211; Nombramiento del espacio p\u00fablico Barrio Ceferino &#8220;Plaza Ceferino&#8221; &#8211; 033\/24<\/li>\n<li>P\u00e1g. 41 &#8211; Nombramiento del espacio p\u00fablico Barrio Matadero &#8220;Plaza Nehuen Co&#8221; &#8211; 032\/24<\/li>\n<\/ul>\n\n\n<h1>Bolet\u00edn Oficial N\u00b0 1<\/h1>\n<h3>Agosto 2024<\/h3>\n\n<ul>\n<li>P\u00e1g: 3 &#8211; Ajuste de tarifas en taxis y remises (modificaci\u00f3n de art\u00edculos) &#8211; 023\/2024<\/li>\n<li>P\u00e1g: 6 &#8211; Vetar totalmente la Ordenanza Municipal N\u00b0 024\/2024<\/li>\n<li>P\u00e1g: 11 &#8211; Cuenta corriente del Concejo Deliberante &#8211; 025\/2024<\/li>\n<li>P\u00e1g: 14 &#8211; C\u00f3digo Procedimiento Minero &#8211; 029\/2024<\/li>\n<li>P\u00e1g: 17 &#8211; Residuos Industriales y Domiciliarios &#8211; 028\/2024<\/li>\n<li>P\u00e1g: 29 &#8211; Nuevas tecnolog\u00edas para el resguardo de la informaci\u00f3n del Concejo Deliberante &#8211; 027\/2024<\/li>\n<li>P\u00e1g: 32 &#8211; Arbolados y Espacios Verdes &#8211; 026\/2024<\/li>\n<\/ul>\n\n\n\n\n","protected":false},"excerpt":{"rendered":"","protected":false},"author":1,"featured_media":22,"parent":0,"menu_order":0,"comment_status":"closed","ping_status":"closed","template":"","meta":{"pagelayer_contact_templates":[],"_pagelayer_content":"","footnotes":""},"class_list":["post-8","page","type-page","status-publish","has-post-thumbnail","hentry","entry","has-media"],"rttpg_featured_image_url":{"full":["https:\/\/municipalidadjacobacci.com.ar\/boletin\/wp-content\/uploads\/2024\/08\/boletin_oficial-1.jpg",900,248,false],"landscape":["https:\/\/municipalidadjacobacci.com.ar\/boletin\/wp-content\/uploads\/2024\/08\/boletin_oficial-1.jpg",900,248,false],"portraits":["https:\/\/municipalidadjacobacci.com.ar\/boletin\/wp-content\/uploads\/2024\/08\/boletin_oficial-1.jpg",900,248,false],"thumbnail":["https:\/\/municipalidadjacobacci.com.ar\/boletin\/wp-content\/uploads\/2024\/08\/boletin_oficial-1-150x150.jpg",150,150,true],"medium":["https:\/\/municipalidadjacobacci.com.ar\/boletin\/wp-content\/uploads\/2024\/08\/boletin_oficial-1-300x83.jpg",300,83,true],"large":["https:\/\/municipalidadjacobacci.com.ar\/boletin\/wp-content\/uploads\/2024\/08\/boletin_oficial-1.jpg",900,248,false],"1536x1536":["https:\/\/municipalidadjacobacci.com.ar\/boletin\/wp-content\/uploads\/2024\/08\/boletin_oficial-1.jpg",900,248,false],"2048x2048":["https:\/\/municipalidadjacobacci.com.ar\/boletin\/wp-content\/uploads\/2024\/08\/boletin_oficial-1.jpg",900,248,false],"ocean-thumb-m":["https:\/\/municipalidadjacobacci.com.ar\/boletin\/wp-content\/uploads\/2024\/08\/boletin_oficial-1-600x248.jpg",600,248,true],"ocean-thumb-ml":["https:\/\/municipalidadjacobacci.com.ar\/boletin\/wp-content\/uploads\/2024\/08\/boletin_oficial-1-800x248.jpg",800,248,true],"ocean-thumb-l":["https:\/\/municipalidadjacobacci.com.ar\/boletin\/wp-content\/uploads\/2024\/08\/boletin_oficial-1.jpg",900,248,false]},"rttpg_author":{"display_name":"admin","author_link":"https:\/\/municipalidadjacobacci.com.ar\/boletin\/author\/boletin\/"},"rttpg_comment":0,"rttpg_category":null,"rttpg_excerpt":null,"_links":{"self":[{"href":"https:\/\/municipalidadjacobacci.com.ar\/boletin\/wp-json\/wp\/v2\/pages\/8","targetHints":{"allow":["GET"]}}],"collection":[{"href":"https:\/\/municipalidadjacobacci.com.ar\/boletin\/wp-json\/wp\/v2\/pages"}],"about":[{"href":"https:\/\/municipalidadjacobacci.com.ar\/boletin\/wp-json\/wp\/v2\/types\/page"}],"author":[{"embeddable":true,"href":"https:\/\/municipalidadjacobacci.com.ar\/boletin\/wp-json\/wp\/v2\/users\/1"}],"replies":[{"embeddable":true,"href":"https:\/\/municipalidadjacobacci.com.ar\/boletin\/wp-json\/wp\/v2\/comments?post=8"}],"version-history":[{"count":16,"href":"https:\/\/municipalidadjacobacci.com.ar\/boletin\/wp-json\/wp\/v2\/pages\/8\/revisions"}],"predecessor-version":[{"id":273,"href":"https:\/\/municipalidadjacobacci.com.ar\/boletin\/wp-json\/wp\/v2\/pages\/8\/revisions\/273"}],"wp:featuredmedia":[{"embeddable":true,"href":"https:\/\/municipalidadjacobacci.com.ar\/boletin\/wp-json\/wp\/v2\/media\/22"}],"wp:attachment":[{"href":"https:\/\/municipalidadjacobacci.com.ar\/boletin\/wp-json\/wp\/v2\/media?parent=8"}],"curies":[{"name":"wp","href":"https:\/\/api.w.org\/{rel}","templated":true}]}}