{"id":237,"date":"2025-10-27T15:59:10","date_gmt":"2025-10-27T15:59:10","guid":{"rendered":"https:\/\/municipalidadjacobacci.com.ar\/boletin\/?page_id=237"},"modified":"2026-03-10T15:37:12","modified_gmt":"2026-03-10T15:37:12","slug":"boletin-oficial-n7","status":"publish","type":"page","link":"https:\/\/municipalidadjacobacci.com.ar\/boletin\/boletin-oficial-n7\/","title":{"rendered":"Bolet\u00edn Oficial N7"},"content":{"rendered":"\n\n\n\n<h1>Bolet\u00edn Oficial N\u00b0 7<\/h1>\n\n\n<h2>Octubre 2025<\/h2>\n\n\n\n\n\n\n\n<h3>\u00cdndice:<\/h3>\n\n\n\n\n\n<ul>\n<li>P\u00e1g. 3 &#8211; 025\/2025 &#8211; Contrataci\u00f3n de personas condenadas por delitos sexuales<\/li>\n<li>P\u00e1g. 6 &#8211; 026\/2025 &#8211; Adhesi\u00f3n a la Ley Provincial N\u00b0 5767 &#8220;Parques Industriales&#8221;<\/li>\n<li>P\u00e1g. 9 &#8211; 27\/2025 \u2013 Ejecuci\u00f3n Presupuestaria 2024<\/li>\n<\/ul>\n\n\n\n\n\n<h3>Res\u00famenes de contenido<\/h3>\n\n\n\n\n\n\n<em>Texto sin formato para mejor navegaci\u00f3n del contenido. Recuerde que estas transcripciones pueden contener errores de tipeo, no representan el texto oficial de la ordenanza y se utilizan a modo de facilitar la accesibilidad.<\/em>\n\n\n\n\n\n\n\n\n\n<h3>VISTO:<\/h3>\n\n<p>La Ordenanza <strong>N.\u00ba 025\/2025<\/strong>, aprobada en Sesi\u00f3n Ordinaria el <strong>25 de septiembre de 2025<\/strong>, que denomina <strong>CONTRATACION DE PERSONAS CONDENADAS POR DELITOS SEXUALES<\/strong> y;<\/p>\n\n<h3>CONSIDERANDO:<\/h3>\n\n<p>Que nada obsta a la Promulgaci\u00f3n de la misma.<\/p>\n\n<h3>POR ELLO:<\/h3>\n\n<p>El Sr Intendente Municipal, en uso de las atribuciones que le son propias y las que le confiere la Carta Org\u00e1nica Municipal,<\/p>\n\n<h3>RESUELVE<\/h3>\n\n<p><strong>ARTICULO 1\u00ba:<\/strong> PROMULGAR la Ordenanza <strong>N\u00ba025\/2025<\/strong>, sancionada por el Concejo Deliberante el <strong>25 de septiembre de 2025.-<\/strong><\/p>\n\n<p><strong>ARTICULO 2\u00ba:<\/strong> REGISTRESE, Comun\u00edquese, dese publicidad, cumplido, arch\u00edvese. &#8211;<\/p>\n\n<p><strong>Ingeniero Jacobacci, 08 de octubre de 2025.-<\/strong><br>\n<strong>RESOLUCION N\u00ba1130 \/2025.-<\/strong><\/p>\n\n<h3>VISTO:<\/h3>\n<p>La necesidad de regular la no contrataci\u00f3n o vinculaci\u00f3n del Municipio local con personas condenadas por delitos contra la integridad sexual, Y;<\/p>\n\n<h3>CONSIDERANDO:<\/h3>\n<p>Que, los municipios tienen la responsabilidad de velar por la seguridad y el bienestar de sus ciudadanos, especialmente de los ni\u00f1os, ni\u00f1as y adolescentes, quienes son vulnerables y requieren protecci\u00f3n especial.<\/p>\n<p>Que, los delitos sexuales contra ni\u00f1os, ni\u00f1as y adolescentes son una grave violaci\u00f3n de sus derechos y pueden causar da\u00f1os irreparables a su integridad f\u00edsica y emocional.<\/p>\n<p>Que, la Provincia de Rio Negro prev\u00e9 en la <strong>Ley P N\u00b05115<\/strong>:<\/p>\n<ul>\n<li>a) El <strong>Registro Provincial de Condenados por Delitos contra la Integridad Sexual<\/strong>, en adelante ReProColnS.<\/li>\n<li>b) El <strong>Registro Provincial de Identificaci\u00f3n Gen\u00e9tica de Abusadores Sexuales (RePrIGAS)<\/strong> que funciona en el \u00e1mbito del ReProColnS.<\/li>\n<li>c) El <strong>Registro Provincial de Huellas Gen\u00e9ticas<\/strong>, que funcionar\u00e1 dentro de la \u00f3rbita de la Procuraci\u00f3n de la Provincia de R\u00edo Negro.<\/li>\n<\/ul>\n<p>Que, la <strong>Ley Nacional N\u00b027759<\/strong> &#8220;Delitos Contra la Integridad Sexual&#8221; crea el <strong>Registro Nacional de Datos Gen\u00e9ticos Vinculados con la Investigaci\u00f3n Criminal<\/strong>.<\/p>\n<p>Que, es fundamental que quienes ejercen cargos p\u00fablicos en nuestro municipio tomen medidas efectivas para prevenir y proteger a los ni\u00f1os, ni\u00f1as y adolescentes de situaciones de riesgo y abuso.<\/p>\n<p>Que, la contrataci\u00f3n de personas condenadas por delitos sexuales puede poner en riesgo la seguridad y el bienestar de los ni\u00f1os, ni\u00f1as y adolescentes. Y pone a las v\u00edctimas en un lugar de vulnerabilidad constante.<\/p>\n<p>Que, en virtud de lo anterior, es necesario establecer una ordenanza que proh\u00edba la contrataci\u00f3n de personas condenadas por delitos sexuales en nuestro municipio local, con el fin de garantizar la seguridad y protecci\u00f3n de los ni\u00f1os, ni\u00f1as y adolescentes.<\/p>\n\n<h3>POR ELLO:<\/h3>\n<p>Y en uso de las facultades que le son propias y las que le confiere<\/p>\n\n<p><strong>La Carta Org\u00e1nica Municipal<\/strong><\/p>\n\n<p><strong>EL CONCEJO DELIBERANTE DE INGENIERO JACOBACCI<\/strong><\/p>\n\n<p><strong>SANCIONA CON FUERZA DE ORDENANZA:<\/strong><\/p>\n\n<h2>Art\u00edculo 1\u00b0:<\/h2>\n<p><strong>PROH\u00cdBASE<\/strong> la contrataci\u00f3n, designaci\u00f3n y cualquier tipo de vinculaci\u00f3n laboral, funcional o de servicio en el \u00e1mbito de los <strong>Poderes Ejecutivo, Legislativo y Contralor Municipal<\/strong>, de toda persona que haya sido condenada por delitos contra la integridad sexual.<\/p>\n\n<h2>Art\u00edculo 2\u00b0:<\/h2>\n<p><strong>Verificaci\u00f3n de Antecedentes:<\/strong> La autoridad municipal competente deber\u00e1 realizar una verificaci\u00f3n de antecedentes penales y judiciales de toda persona previo a su contrataci\u00f3n, designaci\u00f3n o cualquier tipo de vinculaci\u00f3n laboral o de servicio con el municipio, con el fin de dar cumplimiento a lo establecido en el art\u00edculo precedente.<\/p>\n\n<h2>Art\u00edculo 3\u00b0:<\/h2>\n<p>La prohibici\u00f3n establecida en el <strong>Art\u00edculo 1\u00b0<\/strong> de la presente Ordenanza tambi\u00e9n se extiende a toda persona que, sin tener una relaci\u00f3n laboral o funcional directa con el municipio, participe en actividades, eventos o programas financiados, patrocinados u organizados por la municipalidad. Esto incluye, pero no se limita a, torneos deportivos, actividades culturales, educativas o cualquier otro evento de car\u00e1cter p\u00fablico que involucre la participaci\u00f3n de menores de edad o grupos vulnerables. La autoridad municipal tendr\u00e1 la facultad de solicitar los antecedentes penales y judiciales correspondientes para asegurar el cumplimiento de esta disposici\u00f3n.<\/p>\n\n<h2>Art\u00edculo 4\u00b0:<\/h2>\n<p>DE FORMA.<\/p>\n\n<p><strong>ORDENANZA Nro.: 025\/2025<\/strong><br>\n<strong>25 de Septiembre de 2025<\/strong><\/p>\n\n\n\n\n\n\n<h3>VISTO:<\/h3>\n\n<p>La Ordenanza <strong>N.\u00ba 026\/2025<\/strong>, aprobada en Sesi\u00f3n Ordinaria el <strong>16 de octubre de 2025<\/strong>, que denomina <strong>ADHESION A LEY PROVINCIAL N\u00b05767 \u201cPARQUES INDUSTRIALES\u201d<\/strong> y;<\/p>\n\n<h3>CONSIDERANDO:<\/h3>\n\n<p>Que nada obsta a la Promulgaci\u00f3n de la misma.<\/p>\n\n<h3>POR ELLO:<\/h3>\n\n<p>El Sr Intendente Municipal, en uso de las atribuciones que le son propias y las que le confiere la Carta Org\u00e1nica Municipal.<\/p>\n\n<h3>RESUELVE<\/h3>\n\n<p><strong>ARTICULO 1\u00ba:<\/strong> PROMULGAR la Ordenanza <strong>N\u00ba026\/2025<\/strong>, sancionada por el Concejo Deliberante el <strong>16 de octubre de 2025.-<\/strong><\/p>\n\n<p><strong>ARTICULO 2\u00ba:<\/strong> REGISTRESE, Comun\u00edquese, dese publicidad, cumplido, arch\u00edvese. &#8211;<\/p>\n\n<p><strong>Ingeniero Jacobacci, 22 de octubre de 2025.<\/strong><br>\n<strong>RESOLUCION N.\u00ba 1153\/2025.-<\/strong><\/p>\n\n<h3>VISTO:<\/h3>\n<p>La <strong>Ley Provincial N\u00ba 5767<\/strong> sancionada por la Legislatura de la Provincia de R\u00edo Negro, que regula la Creaci\u00f3n y funcionamiento de Parques Industriales y Log\u00edsticos, y;<\/p>\n\n<h3>CONSIDERANDO:<\/h3>\n<p>Que, la <strong>Ley Provincial N\u00b0 5767<\/strong> tiene por objeto establecer un marco normativo para el desarrollo ordenado y sustentable de parques industriales y log\u00edsticos, promoviendo la radicaci\u00f3n de emprendimientos productivos y log\u00edsticos en la provincia.<\/p>\n<p>Que, la <strong>Carta Org\u00e1nica Municipal<\/strong>, en su <strong>art\u00edculo 23<\/strong>, reconoce el derecho de todos los ciudadanos de Ingeniero Jacobacci a gozar de un ambiente sano, equilibrado y apto para el desarrollo humano, imponiendo al Municipio y a sus habitantes el deber de protegerlo y preservarlo en beneficio de las generaciones presentes y futuras.<\/p>\n<p>Que, la adhesi\u00f3n a dicha norma permitir\u00e1 acceder a asistencia t\u00e9cnica, beneficios fiscales para las empresas radicadas en el\/los Parques Industriales y apoyo institucional.<\/p>\n<p>Que, resulta necesario fomentar pol\u00edticas p\u00fablicas que incentiven la inversi\u00f3n, la innovaci\u00f3n productiva y la generaci\u00f3n de empleo genuino en la localidad, especialmente mediante la promoci\u00f3n de espacios industriales y log\u00edsticos adecuados, que favorezcan la radicaci\u00f3n de empresas y el aprovechamiento del capital humano local.<\/p>\n\n<h3>POR ELLO:<\/h3>\n<p>Y en uso de las facultades que le son propias y las que le confiere<\/p>\n\n<p><strong>La Carta Org\u00e1nica Municipal<\/strong><\/p>\n\n<p><strong>EL CONCEJO DELIBERANTE DE INGENIERO JACOBACCI<\/strong><\/p>\n\n<p><strong>SANCIONA CON FUERZA DE ORDENANZA:<\/strong><\/p>\n\n<h2>ARTICULO 1\u00b0:<\/h2>\n<p><strong>Adhesi\u00f3n<\/strong><br>\nAdhi\u00e9rase en todos sus t\u00e9rminos a la <strong>Ley Provincial N\u00b0 5767<\/strong> sobre &#8220;Creaci\u00f3n y Funcionamiento de Parques Industriales y Log\u00edsticos&#8221; en el \u00e1mbito de la localidad de Ingeniero Jacobacci.<\/p>\n\n<h2>ARTICULO 2\u00b0:<\/h2>\n<p><strong>Autoridad de Aplicaci\u00f3n Municipal<\/strong><br>\nDes\u00edgnese al <strong>poder Ejecutivo<\/strong> como la autoridad de aplicaci\u00f3n local de la presente ordenanza, en el marco del \u00e1rea de la <strong>Secretar\u00eda de desarrollo sustentable<\/strong> o de quien en su futuro lo reemplace.<\/p>\n\n<h2>ARTICULO 3\u00b0:<\/h2>\n<p><strong>Colaboraci\u00f3n y Coordinaci\u00f3n<\/strong><br>\nInstruyase al Ejecutivo Municipal a establecer mecanismos de colaboraci\u00f3n con la <strong>Secretar\u00eda de Parques Industriales de la Provincia<\/strong>, a fin de coordinar acciones para el reconocimiento, desarrollo, ampliaci\u00f3n y sostenibilidad del parque industrial local.<\/p>\n\n<h2>ARTICULO 4\u00b0:<\/h2>\n<p><strong>Facultades<\/strong><br>\nFac\u00faltese al <strong>Poder Ejecutivo<\/strong> a dictar las normas reglamentarias y complementarias necesarias para la implementaci\u00f3n de la presente, <strong>Ad refer\u00e9ndum de Concejo Deliberante de Ingeniero Jacobacci<\/strong>.<\/p>\n\n<h2>ART\u00cdCULO 5\u00b0:<\/h2>\n<p>DE FORMA.<\/p>\n\n<p><strong>ORDENANZA MUNICIPAL Nro.: 026\/2025<\/strong><br>\n<strong>Ingeniero Jacobacci: 16 de Octubre de 2025.<\/strong><\/p>\n\n\n\n\n\n\n<h3>VISTO:<\/h3>\n\n<p>La Ordenanza <strong>N.\u00ba 027\/2025<\/strong>, aprobada en Sesi\u00f3n Ordinaria el <strong>16 de octubre de 2025<\/strong>, que denomina <strong>EJECUCION PRESUPUESTARIA 2024<\/strong> y;<\/p>\n\n<h3>CONSIDERANDO:<\/h3>\n\n<p>Que nada obsta a la Promulgaci\u00f3n de la misma.<\/p>\n\n<h3>POR ELLO:<\/h3>\n\n<p>El Sr Intendente Municipal, en uso de las atribuciones que le son propias y las que le confiere la Carta Org\u00e1nica Municipal,<\/p>\n\n<h3>RESUELVE<\/h3>\n\n<p><strong>ARTICULO 1\u00ba:<\/strong> PROMULGAR la Ordenanza <strong>N\u00ba027\/2025<\/strong>, sancionada por el Concejo Deliberante el <strong>16 de octubre de 2025<\/strong>.<\/p>\n<p><strong>ARTICULO 2\u00ba:<\/strong> REGISTRESE, Comun\u00edquese, dese publicidad, cumplido, arch\u00edvese. &#8211;<\/p>\n\n<p><strong>Ingeniero Jacobacci, 22 de octubre de 2025.<\/strong><br>\n<strong>RESOLUCION N.\u00ba 1154\/2025.<\/strong><\/p>\n\n<h3>VISTO:<\/h3>\n<p>La <strong>Ordenanza Municipal N\u00b0 042\/2023<\/strong> que aprueba el Presupuesto A\u00f1o 2024 y la informaci\u00f3n solicitada conforme lo establecido en el art\u00edculo 10 punto 5 inciso a); b) y c) de la Resoluci\u00f3n n\u00ba 1406\/98. Y;<\/p>\n\n<h3>CONSIDERANDO:<\/h3>\n<p>Que se presenta la ejecuci\u00f3n de Recursos y Gastos al cierre de Ejercicio 2024.<\/p>\n<p>Que se adjunta el Esquema de Ahorro \u2013 Inversi\u00f3n \u2013 Financiamiento.<\/p>\n\n<h3>POR ELLO:<\/h3>\n<p>Y en uso de las facultades que le son propias y las que le confiere<\/p>\n\n<p><strong>La Carta Org\u00e1nica Municipal<\/strong><\/p>\n\n<p><strong>EL CONCEJO DELIBERANTE DE INGENIERO JACOBACCI<\/strong><\/p>\n\n<p><strong>SANCIONA CON FUERZA DE ORDENANZA:<\/strong><\/p>\n\n<h2>ARTICULO 1\u00b0:<\/h2>\n<p><strong>APROBAR LA CUENTA GENERAL DEL EJERCICIO 2024<\/strong> de acuerdo al siguiente detalle y conforme a las Planillas Anexas que forman parte integrante de la presente.<\/p>\n\n<p><strong>Recursos Corrientes<\/strong> $ 3.595.190.723,04<br>\n<strong>Recursos de Capital<\/strong> $ 140.325.711,56<br>\n<strong>TOTAL DE RECURSOS<\/strong> $ 3.735.516.434,60<br>\n<strong>Gastos Corrientes<\/strong> $ 3.312.786.401,37<br>\n<strong>Gastos de Capital<\/strong> $ 315.247.843,41<br>\n<strong>TOTAL EGRESOS<\/strong> $ 3.628.034.244,78<\/p>\n\n<h2>ART\u00cdCULO 2\u00b0:<\/h2>\n<p>Como consecuencia de lo informado en el Art\u00edculo 1\u00b0, <strong>APRUEBASE el Balance Financiero<\/strong>, quedando de la siguiente manera:<\/p>\n\n<p><strong>RECURSOS<\/strong> $ 3.735.516.434,60<br>\n<strong>EROGACIONES<\/strong> $ 3.628.034.244,78<br>\n<strong>RESULTADO FINANCIERO<\/strong> $ 107.482.189,82<\/p>\n\n<h2>ART\u00cdCULO 3\u00b0:<\/h2>\n<p><strong>APRUEBASE el Financiamiento Municipal para el Ejercicio 2024<\/strong>, en la suma de pesos <strong>Doce Millones Quinientos Ochenta y Ocho Mil Ciento Treinta y Siete con 70\/100 ($ 12.588.137,70)<\/strong>.<\/p>\n\n<h2>ART\u00cdCULO 4\u00b0:<\/h2>\n<p><strong>APRUEBASE la Amortizaci\u00f3n de la Deuda para el Ejercicio a\u00f1o 2024<\/strong>, en la suma de pesos <strong>Dos Millones Seiscientos Cuarenta y Cinco Mil Setecientos Seis con 75\/100 ($ 2.645.706,75)<\/strong>.<\/p>\n\n<h2>ARTICULO 5\u00b0:<\/h2>\n<p><strong>APRUEBASE como consecuencia de lo indicado en los Art\u00edculos anteriores, el Financiamiento neto de la Municipalidad para el Ejercicio a\u00f1o 2024<\/strong>, en la suma de pesos <strong>Nueve Millones Novecientos Cuarenta y Dos Mil Cuatrocientos Treinta con 95\/100 ($ 9.942.430,95)<\/strong>.<\/p>\n\n<p><strong>FINANCIAMIENTO<\/strong> $ 12.588.137,70<br>\n<strong>APLICACIONES<\/strong> $ 2.645.706,75<br>\n<strong>FINANCIAMIENTO NETO<\/strong> $ 9.942.430,95<br>\n<strong>RESULTADO FINANCIERO<\/strong> $ 107.482.189,82<br>\n<strong>RESULTADO DEL EJERCICIO<\/strong> $ 117.424.620,77<\/p>\n\n<h2>ART\u00cdCULO 6\u00b0:<\/h2>\n<p>DE FORMA.-<\/p>\n\n<p><strong>N\u00b0 027\/2025<\/strong><br>\n<strong>16 de Octubre de 2025<\/strong><\/p>\n\n\n\n\n\n\n","protected":false},"excerpt":{"rendered":"","protected":false},"author":1,"featured_media":0,"parent":0,"menu_order":0,"comment_status":"closed","ping_status":"closed","template":"","meta":{"pagelayer_contact_templates":[],"_pagelayer_content":"","footnotes":""},"class_list":["post-237","page","type-page","status-publish","hentry","entry"],"rttpg_featured_image_url":null,"rttpg_author":{"display_name":"admin","author_link":"https:\/\/municipalidadjacobacci.com.ar\/boletin\/author\/boletin\/"},"rttpg_comment":0,"rttpg_category":null,"rttpg_excerpt":null,"_links":{"self":[{"href":"https:\/\/municipalidadjacobacci.com.ar\/boletin\/wp-json\/wp\/v2\/pages\/237","targetHints":{"allow":["GET"]}}],"collection":[{"href":"https:\/\/municipalidadjacobacci.com.ar\/boletin\/wp-json\/wp\/v2\/pages"}],"about":[{"href":"https:\/\/municipalidadjacobacci.com.ar\/boletin\/wp-json\/wp\/v2\/types\/page"}],"author":[{"embeddable":true,"href":"https:\/\/municipalidadjacobacci.com.ar\/boletin\/wp-json\/wp\/v2\/users\/1"}],"replies":[{"embeddable":true,"href":"https:\/\/municipalidadjacobacci.com.ar\/boletin\/wp-json\/wp\/v2\/comments?post=237"}],"version-history":[{"count":3,"href":"https:\/\/municipalidadjacobacci.com.ar\/boletin\/wp-json\/wp\/v2\/pages\/237\/revisions"}],"predecessor-version":[{"id":255,"href":"https:\/\/municipalidadjacobacci.com.ar\/boletin\/wp-json\/wp\/v2\/pages\/237\/revisions\/255"}],"wp:attachment":[{"href":"https:\/\/municipalidadjacobacci.com.ar\/boletin\/wp-json\/wp\/v2\/media?parent=237"}],"curies":[{"name":"wp","href":"https:\/\/api.w.org\/{rel}","templated":true}]}}